{"id":51,"date":"2024-10-05T11:31:59","date_gmt":"2024-10-05T09:31:59","guid":{"rendered":"https:\/\/akupunkturorebro.se\/?page_id=51"},"modified":"2026-03-15T14:18:45","modified_gmt":"2026-03-15T13:18:45","slug":"skillnad-pa-klassisk-och-traditionell-kinesisk-medicin","status":"publish","type":"page","link":"https:\/\/akupunkturorebro.se\/index.php\/skillnad-pa-klassisk-och-traditionell-kinesisk-medicin\/","title":{"rendered":"Klassisk akupunktur"},"content":{"rendered":"<div class=\"wp-block-image\">\n<figure class=\"alignright size-full is-resized\"><img fetchpriority=\"high\" decoding=\"async\" width=\"768\" height=\"512\" src=\"https:\/\/akupunkturorebro.se\/wp-content\/uploads\/2024\/10\/shutterstock_100744942-768x512-1.jpg\" alt=\"\" class=\"wp-image-67\" style=\"width:255px;height:auto\" srcset=\"https:\/\/akupunkturorebro.se\/wp-content\/uploads\/2024\/10\/shutterstock_100744942-768x512-1.jpg 768w, https:\/\/akupunkturorebro.se\/wp-content\/uploads\/2024\/10\/shutterstock_100744942-768x512-1-300x200.jpg 300w\" sizes=\"(max-width: 768px) 100vw, 768px\" \/><\/figure>\n<\/div>\n\n\n<p><strong>Klassisk akupunktur<\/strong>&nbsp;\u00e4r en del av Klassisk Kinesisk Medicin (Classical Chinese Medicine, CCM) vilket grundar sig l\u00e5ngt tillbaka till den \u00f6sterl\u00e4ndska kulturen, mer \u00e4n 2500 \u00e5r tillbaka. Klassisk Kinesisk Medicin \u00e4r en vetenskap i sig, d\u00e4r hela m\u00e4nniskan ses som en helhet d\u00e4r kropp och sj\u00e4l \u00e4r oskiljaktiga. Observation och beskrivande av naturen har traditionellt anv\u00e4nts som en metafor i f\u00f6rklarande av h\u00e4lsa och oh\u00e4lsa, som till exempel konceptet fem element och yin-yang teorin. Inom klassisk akupunktur ser man till hela personen, och varje behandling anpassas individuellt.<\/p>\n\n\n\n<p><strong>Stems and Branches<\/strong><\/p>\n\n\n\n<p>Stems and Branches-akupunktur anv\u00e4nds som ett komplement till att b\u00e4ttre f\u00f6rst\u00e5 varje patients styrkor och svagheter i kropp och sj\u00e4l, och vad som p\u00e5verkar till att oh\u00e4lsa uppst\u00e5r hos just den personen. Genom detta kan man skr\u00e4ddarsy en behandlingsplan f\u00f6r att behandla orsaken till patientens problem.&nbsp;I praktiken inneb\u00e4r det att kommer det fem personer med s\u00f6mnsv\u00e5righeter, s\u00e5 kommer behandlingsplanerna f\u00f6r dessa fem personer se helt olika ut, med olika val av akupunkturpunkter f\u00f6r varje behandlingstillf\u00e4lle. I den Klassiska Stems and Branches akupunkturen anv\u00e4nds ett f\u00e5tal n\u00e5lar, 2-4 st per g\u00e5ng.<\/p>\n\n\n\n<p>Stems and Branches-teorin handlar om cykler, transformation och interaktion av qi som p\u00e5verkar en person b\u00e5de insidan och utsidan, psykiskt och fysiskt. De forntida kineserna s\u00e5g en holistisk v\u00e4rld genom att de observerade naturens cykler; de olika \u00e5rstiderna och dess karakteristiska drag, dag och natt och s\u00e5 vidare. Genom detta s\u00e5gs ett samband mellan naturens rytm och m\u00e4nniskans grundl\u00e4ggande aspekter, vilket \u00e4r fundamentalt f\u00f6r v\u00e5r h\u00e4lsa.&nbsp;<\/p>\n\n\n\n<h4 class=\"wp-block-heading\">Skalp-akupunktur<\/h4>\n\n\n\n<p>Skalp-akupunkur \u00e4r en relativt ny akupunkturteknik som bygger p\u00e5 hj\u00e4rnans anatomi, d\u00e4r akupunkturn\u00e5lar p\u00e5 skalpen stimulerar det drabbade omr\u00e5det i kroppen f\u00f6r \u00f6kad cirkulation, vilket oftast ger en direkt p\u00e5verkan p\u00e5 minskad sm\u00e4rta och \u00f6kad r\u00f6rlighet. Skalp-akupunktur anv\u00e4nds framf\u00f6r allt vid sm\u00e4rtproblematik och neurologiska besv\u00e4r.<\/p>\n\n\n\n<h4 class=\"wp-block-heading\">Estetisk akupunktur<\/h4>\n\n\n<div class=\"wp-block-image\">\n<figure class=\"alignright size-full is-resized\"><img decoding=\"async\" width=\"1024\" height=\"683\" src=\"https:\/\/akupunkturorebro.se\/wp-content\/uploads\/2024\/10\/shutterstock_1481344493-1024x683-1.jpg\" alt=\"\" class=\"wp-image-68\" style=\"width:306px;height:auto\" srcset=\"https:\/\/akupunkturorebro.se\/wp-content\/uploads\/2024\/10\/shutterstock_1481344493-1024x683-1.jpg 1024w, https:\/\/akupunkturorebro.se\/wp-content\/uploads\/2024\/10\/shutterstock_1481344493-1024x683-1-300x200.jpg 300w, https:\/\/akupunkturorebro.se\/wp-content\/uploads\/2024\/10\/shutterstock_1481344493-1024x683-1-768x512.jpg 768w\" sizes=\"(max-width: 1024px) 100vw, 1024px\" \/><\/figure>\n<\/div>\n\n\n<p>Estetisk akupunktur, \u00e4ven kallad kosmetisk akupunktur, anv\u00e4nds f\u00f6r att sl\u00e4ta ut fina linjer eller rynkor i ansiktet, \u00f6ka elasticiteten och kollagenproduktionen i huden. Fungerar \u00e4ven v\u00e4l vid tillst\u00e5nd som Bell\u2019s palsy (ansiktsf\u00f6rlamning utan orsak) och Trigeminusneuralgi. Estetisk akupunktur kan \u00e4ven anv\u00e4ndas i f\u00f6rebyggande syfte. Vanligtvis bokar man en behandlings-serie p\u00e5 10 g\u00e5nger, 1-2 ggr per vecka, men de flesta ser resultat redan efter ett par behandlingar.<\/p>\n\n\n\n<p><strong>Boka din tid f\u00f6r estetisk akupunktur h\u00e4r:<\/strong><a href=\"https:\/\/naturligtviseco.valei.com\/services\" target=\"_blank\" rel=\"noreferrer noopener\">naturligtviseco.valei.com<\/a><\/p>\n\n\n\n<p><strong><a href=\"https:\/\/naturligtviseco.valei.com\/services\" target=\"_blank\" rel=\"noreferrer noopener\">Akupunktur med massage<\/a><\/strong>&nbsp;passar s\u00e4rskilt bra f\u00f6r personer med besv\u00e4r i nacke och axlar eller stressrelaterade problem, huvudv\u00e4rk. F\u00f6rst s\u00e4tts n\u00e5larna i 20 min, och d\u00e4refter f\u00e5r du en avslappnande massage f\u00f6r rygg, nacke och huvud. Du kan v\u00e4lja mellan 20 och 35 min massage.<\/p>\n\n\n\n<h2 class=\"wp-block-heading\"><\/h2>\n","protected":false},"excerpt":{"rendered":"<p>Klassisk akupunktur&nbsp;\u00e4r en del av Klassisk Kinesisk Medicin (Classical Chinese Medicine, CCM) vilket grundar sig l\u00e5ngt tillbaka till den \u00f6sterl\u00e4ndska kulturen, mer \u00e4n 2500 \u00e5r &hellip; <\/p>\n","protected":false},"author":1,"featured_media":0,"parent":0,"menu_order":0,"comment_status":"closed","ping_status":"closed","template":"","meta":{"footnotes":""},"class_list":["post-51","page","type-page","status-publish","hentry","latest_post"],"yoast_head":"<!-- This site is optimized with the Yoast SEO plugin v27.4 - https:\/\/yoast.com\/product\/yoast-seo-wordpress\/ -->\n<title>Klassisk akupunktur - AKUPUNKTUR \u00d6REBRO<\/title>\n<meta name=\"robots\" content=\"index, follow, max-snippet:-1, max-image-preview:large, max-video-preview:-1\" \/>\n<link rel=\"canonical\" href=\"https:\/\/akupunkturorebro.se\/index.php\/skillnad-pa-klassisk-och-traditionell-kinesisk-medicin\/\" \/>\n<meta property=\"og:locale\" content=\"sv_SE\" \/>\n<meta property=\"og:type\" content=\"article\" \/>\n<meta property=\"og:title\" content=\"Klassisk akupunktur - AKUPUNKTUR \u00d6REBRO\" \/>\n<meta property=\"og:description\" content=\"Klassisk akupunktur&nbsp;\u00e4r en del av Klassisk Kinesisk Medicin (Classical Chinese Medicine, CCM) vilket grundar sig l\u00e5ngt tillbaka till den \u00f6sterl\u00e4ndska kulturen, mer \u00e4n 2500 \u00e5r &hellip;\" \/>\n<meta property=\"og:url\" content=\"https:\/\/akupunkturorebro.se\/index.php\/skillnad-pa-klassisk-och-traditionell-kinesisk-medicin\/\" \/>\n<meta property=\"og:site_name\" content=\"AKUPUNKTUR \u00d6REBRO\" \/>\n<meta property=\"article:modified_time\" content=\"2026-03-15T13:18:45+00:00\" \/>\n<meta property=\"og:image\" content=\"https:\/\/akupunkturorebro.se\/wp-content\/uploads\/2024\/10\/shutterstock_100744942-768x512-1.jpg\" \/>\n\t<meta property=\"og:image:width\" content=\"768\" \/>\n\t<meta property=\"og:image:height\" content=\"512\" \/>\n\t<meta property=\"og:image:type\" content=\"image\/jpeg\" \/>\n<meta name=\"twitter:card\" content=\"summary_large_image\" \/>\n<meta name=\"twitter:label1\" content=\"Ber\u00e4knad l\u00e4stid\" \/>\n\t<meta name=\"twitter:data1\" content=\"3 minuter\" \/>\n<script type=\"application\/ld+json\" class=\"yoast-schema-graph\">{\"@context\":\"https:\\\/\\\/schema.org\",\"@graph\":[{\"@type\":\"WebPage\",\"@id\":\"https:\\\/\\\/akupunkturorebro.se\\\/index.php\\\/skillnad-pa-klassisk-och-traditionell-kinesisk-medicin\\\/\",\"url\":\"https:\\\/\\\/akupunkturorebro.se\\\/index.php\\\/skillnad-pa-klassisk-och-traditionell-kinesisk-medicin\\\/\",\"name\":\"Klassisk akupunktur - AKUPUNKTUR \u00d6REBRO\",\"isPartOf\":{\"@id\":\"https:\\\/\\\/akupunkturorebro.se\\\/#website\"},\"primaryImageOfPage\":{\"@id\":\"https:\\\/\\\/akupunkturorebro.se\\\/index.php\\\/skillnad-pa-klassisk-och-traditionell-kinesisk-medicin\\\/#primaryimage\"},\"image\":{\"@id\":\"https:\\\/\\\/akupunkturorebro.se\\\/index.php\\\/skillnad-pa-klassisk-och-traditionell-kinesisk-medicin\\\/#primaryimage\"},\"thumbnailUrl\":\"https:\\\/\\\/akupunkturorebro.se\\\/wp-content\\\/uploads\\\/2024\\\/10\\\/shutterstock_100744942-768x512-1.jpg\",\"datePublished\":\"2024-10-05T09:31:59+00:00\",\"dateModified\":\"2026-03-15T13:18:45+00:00\",\"breadcrumb\":{\"@id\":\"https:\\\/\\\/akupunkturorebro.se\\\/index.php\\\/skillnad-pa-klassisk-och-traditionell-kinesisk-medicin\\\/#breadcrumb\"},\"inLanguage\":\"sv-SE\",\"potentialAction\":[{\"@type\":\"ReadAction\",\"target\":[\"https:\\\/\\\/akupunkturorebro.se\\\/index.php\\\/skillnad-pa-klassisk-och-traditionell-kinesisk-medicin\\\/\"]}]},{\"@type\":\"ImageObject\",\"inLanguage\":\"sv-SE\",\"@id\":\"https:\\\/\\\/akupunkturorebro.se\\\/index.php\\\/skillnad-pa-klassisk-och-traditionell-kinesisk-medicin\\\/#primaryimage\",\"url\":\"https:\\\/\\\/akupunkturorebro.se\\\/wp-content\\\/uploads\\\/2024\\\/10\\\/shutterstock_100744942-768x512-1.jpg\",\"contentUrl\":\"https:\\\/\\\/akupunkturorebro.se\\\/wp-content\\\/uploads\\\/2024\\\/10\\\/shutterstock_100744942-768x512-1.jpg\",\"width\":768,\"height\":512},{\"@type\":\"BreadcrumbList\",\"@id\":\"https:\\\/\\\/akupunkturorebro.se\\\/index.php\\\/skillnad-pa-klassisk-och-traditionell-kinesisk-medicin\\\/#breadcrumb\",\"itemListElement\":[{\"@type\":\"ListItem\",\"position\":1,\"name\":\"Hem\",\"item\":\"https:\\\/\\\/akupunkturorebro.se\\\/\"},{\"@type\":\"ListItem\",\"position\":2,\"name\":\"Klassisk akupunktur\"}]},{\"@type\":\"WebSite\",\"@id\":\"https:\\\/\\\/akupunkturorebro.se\\\/#website\",\"url\":\"https:\\\/\\\/akupunkturorebro.se\\\/\",\"name\":\"Akupunktur \u00d6rebro\",\"description\":\"\",\"publisher\":{\"@id\":\"https:\\\/\\\/akupunkturorebro.se\\\/#\\\/schema\\\/person\\\/936f7a5c8e7e1c0f9a2cee76117118f9\"},\"potentialAction\":[{\"@type\":\"SearchAction\",\"target\":{\"@type\":\"EntryPoint\",\"urlTemplate\":\"https:\\\/\\\/akupunkturorebro.se\\\/?s={search_term_string}\"},\"query-input\":{\"@type\":\"PropertyValueSpecification\",\"valueRequired\":true,\"valueName\":\"search_term_string\"}}],\"inLanguage\":\"sv-SE\"},{\"@type\":[\"Person\",\"Organization\"],\"@id\":\"https:\\\/\\\/akupunkturorebro.se\\\/#\\\/schema\\\/person\\\/936f7a5c8e7e1c0f9a2cee76117118f9\",\"name\":\"Sandrahellner\",\"image\":{\"@type\":\"ImageObject\",\"inLanguage\":\"sv-SE\",\"@id\":\"https:\\\/\\\/akupunkturorebro.se\\\/wp-content\\\/uploads\\\/2024\\\/10\\\/20231006_135521-1-1-768x768-1.jpg\",\"url\":\"https:\\\/\\\/akupunkturorebro.se\\\/wp-content\\\/uploads\\\/2024\\\/10\\\/20231006_135521-1-1-768x768-1.jpg\",\"contentUrl\":\"https:\\\/\\\/akupunkturorebro.se\\\/wp-content\\\/uploads\\\/2024\\\/10\\\/20231006_135521-1-1-768x768-1.jpg\",\"width\":768,\"height\":768,\"caption\":\"Sandrahellner\"},\"logo\":{\"@id\":\"https:\\\/\\\/akupunkturorebro.se\\\/wp-content\\\/uploads\\\/2024\\\/10\\\/20231006_135521-1-1-768x768-1.jpg\"},\"sameAs\":[\"http:\\\/\\\/akupunkturorebro.se\"]}]}<\/script>\n<!-- \/ Yoast SEO plugin. -->","yoast_head_json":{"title":"Klassisk akupunktur - AKUPUNKTUR \u00d6REBRO","robots":{"index":"index","follow":"follow","max-snippet":"max-snippet:-1","max-image-preview":"max-image-preview:large","max-video-preview":"max-video-preview:-1"},"canonical":"https:\/\/akupunkturorebro.se\/index.php\/skillnad-pa-klassisk-och-traditionell-kinesisk-medicin\/","og_locale":"sv_SE","og_type":"article","og_title":"Klassisk akupunktur - AKUPUNKTUR \u00d6REBRO","og_description":"Klassisk akupunktur&nbsp;\u00e4r en del av Klassisk Kinesisk Medicin (Classical Chinese Medicine, CCM) vilket grundar sig l\u00e5ngt tillbaka till den \u00f6sterl\u00e4ndska kulturen, mer \u00e4n 2500 \u00e5r &hellip;","og_url":"https:\/\/akupunkturorebro.se\/index.php\/skillnad-pa-klassisk-och-traditionell-kinesisk-medicin\/","og_site_name":"AKUPUNKTUR \u00d6REBRO","article_modified_time":"2026-03-15T13:18:45+00:00","og_image":[{"width":768,"height":512,"url":"https:\/\/akupunkturorebro.se\/wp-content\/uploads\/2024\/10\/shutterstock_100744942-768x512-1.jpg","type":"image\/jpeg"}],"twitter_card":"summary_large_image","twitter_misc":{"Ber\u00e4knad l\u00e4stid":"3 minuter"},"schema":{"@context":"https:\/\/schema.org","@graph":[{"@type":"WebPage","@id":"https:\/\/akupunkturorebro.se\/index.php\/skillnad-pa-klassisk-och-traditionell-kinesisk-medicin\/","url":"https:\/\/akupunkturorebro.se\/index.php\/skillnad-pa-klassisk-och-traditionell-kinesisk-medicin\/","name":"Klassisk akupunktur - AKUPUNKTUR \u00d6REBRO","isPartOf":{"@id":"https:\/\/akupunkturorebro.se\/#website"},"primaryImageOfPage":{"@id":"https:\/\/akupunkturorebro.se\/index.php\/skillnad-pa-klassisk-och-traditionell-kinesisk-medicin\/#primaryimage"},"image":{"@id":"https:\/\/akupunkturorebro.se\/index.php\/skillnad-pa-klassisk-och-traditionell-kinesisk-medicin\/#primaryimage"},"thumbnailUrl":"https:\/\/akupunkturorebro.se\/wp-content\/uploads\/2024\/10\/shutterstock_100744942-768x512-1.jpg","datePublished":"2024-10-05T09:31:59+00:00","dateModified":"2026-03-15T13:18:45+00:00","breadcrumb":{"@id":"https:\/\/akupunkturorebro.se\/index.php\/skillnad-pa-klassisk-och-traditionell-kinesisk-medicin\/#breadcrumb"},"inLanguage":"sv-SE","potentialAction":[{"@type":"ReadAction","target":["https:\/\/akupunkturorebro.se\/index.php\/skillnad-pa-klassisk-och-traditionell-kinesisk-medicin\/"]}]},{"@type":"ImageObject","inLanguage":"sv-SE","@id":"https:\/\/akupunkturorebro.se\/index.php\/skillnad-pa-klassisk-och-traditionell-kinesisk-medicin\/#primaryimage","url":"https:\/\/akupunkturorebro.se\/wp-content\/uploads\/2024\/10\/shutterstock_100744942-768x512-1.jpg","contentUrl":"https:\/\/akupunkturorebro.se\/wp-content\/uploads\/2024\/10\/shutterstock_100744942-768x512-1.jpg","width":768,"height":512},{"@type":"BreadcrumbList","@id":"https:\/\/akupunkturorebro.se\/index.php\/skillnad-pa-klassisk-och-traditionell-kinesisk-medicin\/#breadcrumb","itemListElement":[{"@type":"ListItem","position":1,"name":"Hem","item":"https:\/\/akupunkturorebro.se\/"},{"@type":"ListItem","position":2,"name":"Klassisk akupunktur"}]},{"@type":"WebSite","@id":"https:\/\/akupunkturorebro.se\/#website","url":"https:\/\/akupunkturorebro.se\/","name":"Akupunktur \u00d6rebro","description":"","publisher":{"@id":"https:\/\/akupunkturorebro.se\/#\/schema\/person\/936f7a5c8e7e1c0f9a2cee76117118f9"},"potentialAction":[{"@type":"SearchAction","target":{"@type":"EntryPoint","urlTemplate":"https:\/\/akupunkturorebro.se\/?s={search_term_string}"},"query-input":{"@type":"PropertyValueSpecification","valueRequired":true,"valueName":"search_term_string"}}],"inLanguage":"sv-SE"},{"@type":["Person","Organization"],"@id":"https:\/\/akupunkturorebro.se\/#\/schema\/person\/936f7a5c8e7e1c0f9a2cee76117118f9","name":"Sandrahellner","image":{"@type":"ImageObject","inLanguage":"sv-SE","@id":"https:\/\/akupunkturorebro.se\/wp-content\/uploads\/2024\/10\/20231006_135521-1-1-768x768-1.jpg","url":"https:\/\/akupunkturorebro.se\/wp-content\/uploads\/2024\/10\/20231006_135521-1-1-768x768-1.jpg","contentUrl":"https:\/\/akupunkturorebro.se\/wp-content\/uploads\/2024\/10\/20231006_135521-1-1-768x768-1.jpg","width":768,"height":768,"caption":"Sandrahellner"},"logo":{"@id":"https:\/\/akupunkturorebro.se\/wp-content\/uploads\/2024\/10\/20231006_135521-1-1-768x768-1.jpg"},"sameAs":["http:\/\/akupunkturorebro.se"]}]}},"jetpack_sharing_enabled":true,"_links":{"self":[{"href":"https:\/\/akupunkturorebro.se\/index.php\/wp-json\/wp\/v2\/pages\/51","targetHints":{"allow":["GET"]}}],"collection":[{"href":"https:\/\/akupunkturorebro.se\/index.php\/wp-json\/wp\/v2\/pages"}],"about":[{"href":"https:\/\/akupunkturorebro.se\/index.php\/wp-json\/wp\/v2\/types\/page"}],"author":[{"embeddable":true,"href":"https:\/\/akupunkturorebro.se\/index.php\/wp-json\/wp\/v2\/users\/1"}],"replies":[{"embeddable":true,"href":"https:\/\/akupunkturorebro.se\/index.php\/wp-json\/wp\/v2\/comments?post=51"}],"version-history":[{"count":6,"href":"https:\/\/akupunkturorebro.se\/index.php\/wp-json\/wp\/v2\/pages\/51\/revisions"}],"predecessor-version":[{"id":386,"href":"https:\/\/akupunkturorebro.se\/index.php\/wp-json\/wp\/v2\/pages\/51\/revisions\/386"}],"wp:attachment":[{"href":"https:\/\/akupunkturorebro.se\/index.php\/wp-json\/wp\/v2\/media?parent=51"}],"curies":[{"name":"wp","href":"https:\/\/api.w.org\/{rel}","templated":true}]}}