{"id":21,"date":"2024-10-05T11:18:11","date_gmt":"2024-10-05T09:18:11","guid":{"rendered":"https:\/\/akupunkturorebro.se\/?page_id=21"},"modified":"2026-04-27T10:30:06","modified_gmt":"2026-04-27T08:30:06","slug":"priser","status":"publish","type":"page","link":"https:\/\/akupunkturorebro.se\/index.php\/priser\/","title":{"rendered":"Priser"},"content":{"rendered":"\t\t<div data-elementor-type=\"wp-page\" data-elementor-id=\"21\" class=\"elementor elementor-21\">\n\t\t\t\t<div class=\"elementor-element elementor-element-46b2ab02 e-flex e-con-boxed e-con e-parent\" data-id=\"46b2ab02\" data-element_type=\"container\" data-e-type=\"container\">\n\t\t\t\t\t<div class=\"e-con-inner\">\n\t\t\t\t<div class=\"elementor-element elementor-element-69033a80 elementor-widget elementor-widget-text-editor\" data-id=\"69033a80\" data-element_type=\"widget\" data-e-type=\"widget\" data-widget_type=\"text-editor.default\">\n\t\t\t\t<div class=\"elementor-widget-container\">\n\t\t\t\t\t\t\t\t\t\n<p><strong>PRISER<\/strong><\/p>\n\n<p><a href=\"https:\/\/www.bokadirekt.se\/places\/holimed-akupunktur-orebro-135400\" target=\"_blank\" rel=\"noreferrer noopener\">Akupunktur f\u00f6rsta bes\u00f6ket (65 min): 850 kr<\/a><\/p>\n\n<p><a id=\"https:\/\/www.bokadirekt.se\/places\/holimed-akupunktur-orebro-135400\" href=\"https:\/\/www.bokadirekt.se\/places\/holimed-akupunktur-orebro-135400\" target=\"_blank\" rel=\"noreferrer noopener\" type=\"link\">Akupunktur \u00e5terbes\u00f6k (50 min): 700 kr<\/a><\/p>\n\n<p><a href=\"https:\/\/www.bokadirekt.se\/places\/holimed-akupunktur-orebro-135400\">Akupunktur med 20 min massage (totalt 60 min): 890 kr<\/a><\/p>\n\n<p><a id=\"https:\/\/www.bokadirekt.se\/places\/holimed-akupunktur-orebro-135400\" href=\"https:\/\/www.bokadirekt.se\/places\/holimed-akupunktur-orebro-135400\" target=\"_blank\" rel=\"noreferrer noopener\" type=\"link\">Akupunktur med 35 min massage (totalt 75 min): 950 kr<\/a><\/p>\n\n<p><a id=\"https:\/\/www.bokadirekt.se\/places\/holimed-akupunktur-orebro-135400\" href=\"https:\/\/www.bokadirekt.se\/places\/holimed-akupunktur-orebro-135400\" target=\"_blank\" rel=\"noreferrer noopener\" type=\"link\">Estetisk akupunktur (60 min): 900 kr<\/a><\/p>\n\n<p class=\"has-large-font-size\">\u00a0<\/p>\n\n<p>\u00a0<\/p>\n\n<p class=\"has-medium-font-size\"><strong>Sandra Hellner:<\/strong> 0702037421<\/p>\n\n<p class=\"has-medium-font-size\"><strong>Mail:<\/strong> akupunkturorebro@gmail.com<\/p>\n\n<p><strong>Det g\u00e5r bra att betala med kort, kontanter, faktura, Benefits eller Epassi.<\/strong><\/p>\n\n<figure class=\"wp-block-image size-full is-resized\"><img fetchpriority=\"high\" decoding=\"async\" width=\"300\" height=\"409\" class=\"wp-image-36\" style=\"width: 62px; height: auto;\" src=\"https:\/\/akupunkturorebro.se\/wp-content\/uploads\/2024\/10\/Epassi-Logo-Secondary-Color-RGB-2.png\" alt=\"\" srcset=\"https:\/\/akupunkturorebro.se\/wp-content\/uploads\/2024\/10\/Epassi-Logo-Secondary-Color-RGB-2.png 300w, https:\/\/akupunkturorebro.se\/wp-content\/uploads\/2024\/10\/Epassi-Logo-Secondary-Color-RGB-2-220x300.png 220w\" sizes=\"(max-width: 300px) 100vw, 300px\" \/><\/figure>\n\n<p>\u00a0<\/p>\n\t\t\t\t\t\t\t\t<\/div>\n\t\t\t\t<\/div>\n\t\t\t\t\t<\/div>\n\t\t\t\t<\/div>\n\t\t\t\t<\/div>\n\t\t","protected":false},"excerpt":{"rendered":"<p>PRISER Akupunktur f\u00f6rsta bes\u00f6ket (65 min): 850 kr Akupunktur \u00e5terbes\u00f6k (50 min): 700 kr Akupunktur med 20 min massage (totalt 60 min): 890 kr Akupunktur &hellip; <\/p>\n","protected":false},"author":1,"featured_media":0,"parent":0,"menu_order":0,"comment_status":"closed","ping_status":"closed","template":"","meta":{"footnotes":""},"class_list":["post-21","page","type-page","status-publish","hentry","latest_post"],"yoast_head":"<!-- This site is optimized with the Yoast SEO plugin v27.4 - https:\/\/yoast.com\/product\/yoast-seo-wordpress\/ -->\n<title>Priser - AKUPUNKTUR \u00d6REBRO<\/title>\n<meta name=\"robots\" content=\"index, follow, max-snippet:-1, max-image-preview:large, max-video-preview:-1\" \/>\n<link rel=\"canonical\" href=\"https:\/\/akupunkturorebro.se\/index.php\/priser\/\" \/>\n<meta property=\"og:locale\" content=\"sv_SE\" \/>\n<meta property=\"og:type\" content=\"article\" \/>\n<meta property=\"og:title\" content=\"Priser - AKUPUNKTUR \u00d6REBRO\" \/>\n<meta property=\"og:description\" content=\"PRISER Akupunktur f\u00f6rsta bes\u00f6ket (65 min): 850 kr Akupunktur \u00e5terbes\u00f6k (50 min): 700 kr Akupunktur med 20 min massage (totalt 60 min): 890 kr Akupunktur &hellip;\" \/>\n<meta property=\"og:url\" content=\"https:\/\/akupunkturorebro.se\/index.php\/priser\/\" \/>\n<meta property=\"og:site_name\" content=\"AKUPUNKTUR \u00d6REBRO\" \/>\n<meta property=\"article:modified_time\" content=\"2026-04-27T08:30:06+00:00\" \/>\n<meta property=\"og:image\" content=\"https:\/\/akupunkturorebro.se\/wp-content\/uploads\/2024\/10\/Epassi-Logo-Secondary-Color-RGB-2.png\" \/>\n\t<meta property=\"og:image:width\" content=\"300\" \/>\n\t<meta property=\"og:image:height\" content=\"409\" \/>\n\t<meta property=\"og:image:type\" content=\"image\/png\" \/>\n<meta name=\"twitter:card\" content=\"summary_large_image\" \/>\n<meta name=\"twitter:label1\" content=\"Ber\u00e4knad l\u00e4stid\" \/>\n\t<meta name=\"twitter:data1\" content=\"1 minut\" \/>\n<script type=\"application\/ld+json\" class=\"yoast-schema-graph\">{\"@context\":\"https:\\\/\\\/schema.org\",\"@graph\":[{\"@type\":\"WebPage\",\"@id\":\"https:\\\/\\\/akupunkturorebro.se\\\/index.php\\\/priser\\\/\",\"url\":\"https:\\\/\\\/akupunkturorebro.se\\\/index.php\\\/priser\\\/\",\"name\":\"Priser - AKUPUNKTUR \u00d6REBRO\",\"isPartOf\":{\"@id\":\"https:\\\/\\\/akupunkturorebro.se\\\/#website\"},\"primaryImageOfPage\":{\"@id\":\"https:\\\/\\\/akupunkturorebro.se\\\/index.php\\\/priser\\\/#primaryimage\"},\"image\":{\"@id\":\"https:\\\/\\\/akupunkturorebro.se\\\/index.php\\\/priser\\\/#primaryimage\"},\"thumbnailUrl\":\"https:\\\/\\\/akupunkturorebro.se\\\/wp-content\\\/uploads\\\/2024\\\/10\\\/Epassi-Logo-Secondary-Color-RGB-2.png\",\"datePublished\":\"2024-10-05T09:18:11+00:00\",\"dateModified\":\"2026-04-27T08:30:06+00:00\",\"breadcrumb\":{\"@id\":\"https:\\\/\\\/akupunkturorebro.se\\\/index.php\\\/priser\\\/#breadcrumb\"},\"inLanguage\":\"sv-SE\",\"potentialAction\":[{\"@type\":\"ReadAction\",\"target\":[\"https:\\\/\\\/akupunkturorebro.se\\\/index.php\\\/priser\\\/\"]}]},{\"@type\":\"ImageObject\",\"inLanguage\":\"sv-SE\",\"@id\":\"https:\\\/\\\/akupunkturorebro.se\\\/index.php\\\/priser\\\/#primaryimage\",\"url\":\"https:\\\/\\\/akupunkturorebro.se\\\/wp-content\\\/uploads\\\/2024\\\/10\\\/Epassi-Logo-Secondary-Color-RGB-2.png\",\"contentUrl\":\"https:\\\/\\\/akupunkturorebro.se\\\/wp-content\\\/uploads\\\/2024\\\/10\\\/Epassi-Logo-Secondary-Color-RGB-2.png\",\"width\":300,\"height\":409},{\"@type\":\"BreadcrumbList\",\"@id\":\"https:\\\/\\\/akupunkturorebro.se\\\/index.php\\\/priser\\\/#breadcrumb\",\"itemListElement\":[{\"@type\":\"ListItem\",\"position\":1,\"name\":\"Hem\",\"item\":\"https:\\\/\\\/akupunkturorebro.se\\\/\"},{\"@type\":\"ListItem\",\"position\":2,\"name\":\"Priser\"}]},{\"@type\":\"WebSite\",\"@id\":\"https:\\\/\\\/akupunkturorebro.se\\\/#website\",\"url\":\"https:\\\/\\\/akupunkturorebro.se\\\/\",\"name\":\"Akupunktur \u00d6rebro\",\"description\":\"\",\"publisher\":{\"@id\":\"https:\\\/\\\/akupunkturorebro.se\\\/#\\\/schema\\\/person\\\/936f7a5c8e7e1c0f9a2cee76117118f9\"},\"potentialAction\":[{\"@type\":\"SearchAction\",\"target\":{\"@type\":\"EntryPoint\",\"urlTemplate\":\"https:\\\/\\\/akupunkturorebro.se\\\/?s={search_term_string}\"},\"query-input\":{\"@type\":\"PropertyValueSpecification\",\"valueRequired\":true,\"valueName\":\"search_term_string\"}}],\"inLanguage\":\"sv-SE\"},{\"@type\":[\"Person\",\"Organization\"],\"@id\":\"https:\\\/\\\/akupunkturorebro.se\\\/#\\\/schema\\\/person\\\/936f7a5c8e7e1c0f9a2cee76117118f9\",\"name\":\"Sandrahellner\",\"image\":{\"@type\":\"ImageObject\",\"inLanguage\":\"sv-SE\",\"@id\":\"https:\\\/\\\/akupunkturorebro.se\\\/wp-content\\\/uploads\\\/2024\\\/10\\\/20231006_135521-1-1-768x768-1.jpg\",\"url\":\"https:\\\/\\\/akupunkturorebro.se\\\/wp-content\\\/uploads\\\/2024\\\/10\\\/20231006_135521-1-1-768x768-1.jpg\",\"contentUrl\":\"https:\\\/\\\/akupunkturorebro.se\\\/wp-content\\\/uploads\\\/2024\\\/10\\\/20231006_135521-1-1-768x768-1.jpg\",\"width\":768,\"height\":768,\"caption\":\"Sandrahellner\"},\"logo\":{\"@id\":\"https:\\\/\\\/akupunkturorebro.se\\\/wp-content\\\/uploads\\\/2024\\\/10\\\/20231006_135521-1-1-768x768-1.jpg\"},\"sameAs\":[\"http:\\\/\\\/akupunkturorebro.se\"]}]}<\/script>\n<!-- \/ Yoast SEO plugin. -->","yoast_head_json":{"title":"Priser - AKUPUNKTUR \u00d6REBRO","robots":{"index":"index","follow":"follow","max-snippet":"max-snippet:-1","max-image-preview":"max-image-preview:large","max-video-preview":"max-video-preview:-1"},"canonical":"https:\/\/akupunkturorebro.se\/index.php\/priser\/","og_locale":"sv_SE","og_type":"article","og_title":"Priser - AKUPUNKTUR \u00d6REBRO","og_description":"PRISER Akupunktur f\u00f6rsta bes\u00f6ket (65 min): 850 kr Akupunktur \u00e5terbes\u00f6k (50 min): 700 kr Akupunktur med 20 min massage (totalt 60 min): 890 kr Akupunktur &hellip;","og_url":"https:\/\/akupunkturorebro.se\/index.php\/priser\/","og_site_name":"AKUPUNKTUR \u00d6REBRO","article_modified_time":"2026-04-27T08:30:06+00:00","og_image":[{"width":300,"height":409,"url":"https:\/\/akupunkturorebro.se\/wp-content\/uploads\/2024\/10\/Epassi-Logo-Secondary-Color-RGB-2.png","type":"image\/png"}],"twitter_card":"summary_large_image","twitter_misc":{"Ber\u00e4knad l\u00e4stid":"1 minut"},"schema":{"@context":"https:\/\/schema.org","@graph":[{"@type":"WebPage","@id":"https:\/\/akupunkturorebro.se\/index.php\/priser\/","url":"https:\/\/akupunkturorebro.se\/index.php\/priser\/","name":"Priser - AKUPUNKTUR \u00d6REBRO","isPartOf":{"@id":"https:\/\/akupunkturorebro.se\/#website"},"primaryImageOfPage":{"@id":"https:\/\/akupunkturorebro.se\/index.php\/priser\/#primaryimage"},"image":{"@id":"https:\/\/akupunkturorebro.se\/index.php\/priser\/#primaryimage"},"thumbnailUrl":"https:\/\/akupunkturorebro.se\/wp-content\/uploads\/2024\/10\/Epassi-Logo-Secondary-Color-RGB-2.png","datePublished":"2024-10-05T09:18:11+00:00","dateModified":"2026-04-27T08:30:06+00:00","breadcrumb":{"@id":"https:\/\/akupunkturorebro.se\/index.php\/priser\/#breadcrumb"},"inLanguage":"sv-SE","potentialAction":[{"@type":"ReadAction","target":["https:\/\/akupunkturorebro.se\/index.php\/priser\/"]}]},{"@type":"ImageObject","inLanguage":"sv-SE","@id":"https:\/\/akupunkturorebro.se\/index.php\/priser\/#primaryimage","url":"https:\/\/akupunkturorebro.se\/wp-content\/uploads\/2024\/10\/Epassi-Logo-Secondary-Color-RGB-2.png","contentUrl":"https:\/\/akupunkturorebro.se\/wp-content\/uploads\/2024\/10\/Epassi-Logo-Secondary-Color-RGB-2.png","width":300,"height":409},{"@type":"BreadcrumbList","@id":"https:\/\/akupunkturorebro.se\/index.php\/priser\/#breadcrumb","itemListElement":[{"@type":"ListItem","position":1,"name":"Hem","item":"https:\/\/akupunkturorebro.se\/"},{"@type":"ListItem","position":2,"name":"Priser"}]},{"@type":"WebSite","@id":"https:\/\/akupunkturorebro.se\/#website","url":"https:\/\/akupunkturorebro.se\/","name":"Akupunktur \u00d6rebro","description":"","publisher":{"@id":"https:\/\/akupunkturorebro.se\/#\/schema\/person\/936f7a5c8e7e1c0f9a2cee76117118f9"},"potentialAction":[{"@type":"SearchAction","target":{"@type":"EntryPoint","urlTemplate":"https:\/\/akupunkturorebro.se\/?s={search_term_string}"},"query-input":{"@type":"PropertyValueSpecification","valueRequired":true,"valueName":"search_term_string"}}],"inLanguage":"sv-SE"},{"@type":["Person","Organization"],"@id":"https:\/\/akupunkturorebro.se\/#\/schema\/person\/936f7a5c8e7e1c0f9a2cee76117118f9","name":"Sandrahellner","image":{"@type":"ImageObject","inLanguage":"sv-SE","@id":"https:\/\/akupunkturorebro.se\/wp-content\/uploads\/2024\/10\/20231006_135521-1-1-768x768-1.jpg","url":"https:\/\/akupunkturorebro.se\/wp-content\/uploads\/2024\/10\/20231006_135521-1-1-768x768-1.jpg","contentUrl":"https:\/\/akupunkturorebro.se\/wp-content\/uploads\/2024\/10\/20231006_135521-1-1-768x768-1.jpg","width":768,"height":768,"caption":"Sandrahellner"},"logo":{"@id":"https:\/\/akupunkturorebro.se\/wp-content\/uploads\/2024\/10\/20231006_135521-1-1-768x768-1.jpg"},"sameAs":["http:\/\/akupunkturorebro.se"]}]}},"jetpack_sharing_enabled":true,"_links":{"self":[{"href":"https:\/\/akupunkturorebro.se\/index.php\/wp-json\/wp\/v2\/pages\/21","targetHints":{"allow":["GET"]}}],"collection":[{"href":"https:\/\/akupunkturorebro.se\/index.php\/wp-json\/wp\/v2\/pages"}],"about":[{"href":"https:\/\/akupunkturorebro.se\/index.php\/wp-json\/wp\/v2\/types\/page"}],"author":[{"embeddable":true,"href":"https:\/\/akupunkturorebro.se\/index.php\/wp-json\/wp\/v2\/users\/1"}],"replies":[{"embeddable":true,"href":"https:\/\/akupunkturorebro.se\/index.php\/wp-json\/wp\/v2\/comments?post=21"}],"version-history":[{"count":17,"href":"https:\/\/akupunkturorebro.se\/index.php\/wp-json\/wp\/v2\/pages\/21\/revisions"}],"predecessor-version":[{"id":505,"href":"https:\/\/akupunkturorebro.se\/index.php\/wp-json\/wp\/v2\/pages\/21\/revisions\/505"}],"wp:attachment":[{"href":"https:\/\/akupunkturorebro.se\/index.php\/wp-json\/wp\/v2\/media?parent=21"}],"curies":[{"name":"wp","href":"https:\/\/api.w.org\/{rel}","templated":true}]}}