{"id":147,"date":"2024-10-09T00:10:45","date_gmt":"2024-10-08T22:10:45","guid":{"rendered":"https:\/\/akupunkturorebro.se\/?page_id=147"},"modified":"2026-03-15T14:17:07","modified_gmt":"2026-03-15T13:17:07","slug":"akupunktur-2","status":"publish","type":"page","link":"https:\/\/akupunkturorebro.se\/index.php\/akupunktur-2\/","title":{"rendered":"Akupunktur"},"content":{"rendered":"\n<h3 class=\"wp-block-heading\">Klassisk akupunktur<\/h3>\n\n\n<div class=\"wp-block-image\">\n<figure class=\"alignright size-full is-resized\"><img fetchpriority=\"high\" decoding=\"async\" width=\"1024\" height=\"1020\" src=\"http:\/\/akupunkturorebro.se\/wp-content\/uploads\/2024\/10\/shutterstock_772072018-scaled-e1675789235155-1024x1020-1.jpg\" alt=\"\" class=\"wp-image-48\" style=\"width:199px;height:auto\" srcset=\"https:\/\/akupunkturorebro.se\/wp-content\/uploads\/2024\/10\/shutterstock_772072018-scaled-e1675789235155-1024x1020-1.jpg 1024w, https:\/\/akupunkturorebro.se\/wp-content\/uploads\/2024\/10\/shutterstock_772072018-scaled-e1675789235155-1024x1020-1-300x300.jpg 300w, https:\/\/akupunkturorebro.se\/wp-content\/uploads\/2024\/10\/shutterstock_772072018-scaled-e1675789235155-1024x1020-1-150x150.jpg 150w, https:\/\/akupunkturorebro.se\/wp-content\/uploads\/2024\/10\/shutterstock_772072018-scaled-e1675789235155-1024x1020-1-768x765.jpg 768w\" sizes=\"(max-width: 1024px) 100vw, 1024px\" \/><\/figure>\n<\/div>\n\n\n<p><strong>Akupunktur<\/strong>\u00a0\u00e4r en del av Klassisk Kinesisk Medicin (Classical Chinese Medicine) vilket grundar sig \u00f6ver 2500 \u00e5r tillbaka i den \u00f6sterl\u00e4ndska kulturen. Klassisk Kinesisk Medicin \u00e4r en komplett vetenskap i sig d\u00e4r hela m\u00e4nniskan ses som en helhet. Observation och beskrivande av naturen har traditionellt anv\u00e4nts som en metafor i f\u00f6rklarande av h\u00e4lsa och oh\u00e4lsa, som till exempel konceptet fem element och yin-yang teorin. Inom klassisk akupunktur ser man till hela personen, och varje behandling anpassas individuellt.<\/p>\n\n\n\n<p><strong>Stems and Branches<\/strong><\/p>\n\n\n\n<p>Stems and Branches-akupunktur, \u00e4ven kallad konstitutionell akupunktur, anv\u00e4nds som ett komplement till att b\u00e4ttre f\u00f6rst\u00e5 varje patients styrkor och svagheter i kropp och sj\u00e4l, och vad som p\u00e5verkar till att oh\u00e4lsa uppst\u00e5r hos just den personen. Genom detta kan man skr\u00e4ddarsy en behandlingsplan f\u00f6r att behandla orsaken till patientens problem.&nbsp;I praktiken inneb\u00e4r det att kommer det fem personer med s\u00f6mnsv\u00e5righeter, s\u00e5 kommer behandlingsplanerna f\u00f6r dessa fem personer se helt olika ut, med olika val av akupunkturpunkter f\u00f6r varje behandlingstillf\u00e4lle. I den Klassiska Stems and Branches akupunkturen anv\u00e4nds ett f\u00e5tal n\u00e5lar, 2-4 st per g\u00e5ng.<\/p>\n\n\n\n<p>Stems and Branches-teorin handlar om cykler, transformation och interaktion av qi som p\u00e5verkar en person b\u00e5de p\u00e5 insidan och utsidan, psykiskt och fysiskt. De forntida kineserna s\u00e5g en holistisk v\u00e4rld genom att de observerade naturens cykler; de olika \u00e5rstiderna och dess karakteristiska drag under vinter, v\u00e5r, sommar och h\u00f6st. Genom detta s\u00e5gs ett samband mellan naturens rytm och m\u00e4nniskans grundl\u00e4ggande aspekter, vilket \u00e4r fundamentalt f\u00f6r v\u00e5r h\u00e4lsa.<\/p>\n\n\n\n<h4 class=\"wp-block-heading\">Skalp-akupunktur<\/h4>\n\n\n\n<p>Skalp-akupunkur \u00e4r en relativt nyuppt\u00e4ckt akupunkturteknik som b\u00f6rjade utvecklas fr\u00e5n 1950-1970-talet. Skalp-akupunktur bygger p\u00e5 hj\u00e4rnans anatomi, d\u00e4r akupunkturn\u00e5lar p\u00e5 skalpen stimulerar det drabbade omr\u00e5det i kroppen, vilket oftast ger en direkt p\u00e5verkan i form av minskad sm\u00e4rta och \u00f6kad r\u00f6rlighet. Skalp-akupunktur anv\u00e4nds framf\u00f6r allt vid sm\u00e4rtproblematik och neurologiska besv\u00e4r men ger \u00e4ven god effekt vid stress och trauman.<\/p>\n\n\n\n<h4 class=\"wp-block-heading\">Estetisk akupunktur<\/h4>\n\n\n<div class=\"wp-block-image\">\n<figure class=\"alignright size-full is-resized\"><img decoding=\"async\" width=\"1024\" height=\"683\" src=\"http:\/\/akupunkturorebro.se\/wp-content\/uploads\/2024\/10\/shutterstock_1481344493-1024x683-1.jpg\" alt=\"\" class=\"wp-image-68\" style=\"width:243px;height:auto\" srcset=\"https:\/\/akupunkturorebro.se\/wp-content\/uploads\/2024\/10\/shutterstock_1481344493-1024x683-1.jpg 1024w, https:\/\/akupunkturorebro.se\/wp-content\/uploads\/2024\/10\/shutterstock_1481344493-1024x683-1-300x200.jpg 300w, https:\/\/akupunkturorebro.se\/wp-content\/uploads\/2024\/10\/shutterstock_1481344493-1024x683-1-768x512.jpg 768w\" sizes=\"(max-width: 1024px) 100vw, 1024px\" \/><\/figure>\n<\/div>\n\n\n<p>Estetisk akupunktur anv\u00e4nds f\u00f6r att sl\u00e4ta ut fina linjer eller rynkor i ansiktet, \u00f6ka elasticiteten och kollagenproduktionen i huden. Fungerar \u00e4ven v\u00e4l vid tillst\u00e5nd som Bell\u2019s palsy (ansiktsf\u00f6rlamning utan orsak) och Trigeminusneuralgi. Estetisk akupunktur kan \u00e4ven anv\u00e4ndas i f\u00f6rebyggande syfte f\u00f6r att bibeh\u00e5lla sp\u00e4nst och lyster. Vanligtvis bokas en behandlings-serie p\u00e5 10 g\u00e5nger, 1 g\u00e5ng per vecka. Efter 10 tillf\u00e4llen rekommenderas uppf\u00f6ljande behandling med 4-6 veckors mellanrum. Estetisk akupunktur kombineras alltid med ett par akupunkturpunkter p\u00e5 \u00f6vriga kroppen, tex. p\u00e5 ben eller fot f\u00f6r att optimera balans i kroppen eller f\u00f6r att arbeta med symptom som sm\u00e4rta, stress osv.<\/p>\n\n\n\n<p><\/p>\n\n\n\n<p><strong><a href=\"https:\/\/naturligtviseco.valei.com\/services\" target=\"_blank\" rel=\"noreferrer noopener\">Akupunktur med massage<\/a><\/strong>&nbsp;passar s\u00e4rskilt bra f\u00f6r personer med besv\u00e4r i nacke och axlar eller stressrelaterade problem, huvudv\u00e4rk, utbr\u00e4ndhet. F\u00f6rst s\u00e4tts n\u00e5larna i 20 min, och d\u00e4refter f\u00e5r du en avslappnande massage f\u00f6r rygg, nacke och huvud. Du kan v\u00e4lja mellan 20 och 30 min massage.<\/p>\n\n\n\n<p><\/p>\n\n\n\n<p><\/p>\n","protected":false},"excerpt":{"rendered":"<p>Klassisk akupunktur Akupunktur\u00a0\u00e4r en del av Klassisk Kinesisk Medicin (Classical Chinese Medicine) vilket grundar sig \u00f6ver 2500 \u00e5r tillbaka i den \u00f6sterl\u00e4ndska kulturen. Klassisk Kinesisk &hellip; <\/p>\n","protected":false},"author":1,"featured_media":0,"parent":0,"menu_order":0,"comment_status":"closed","ping_status":"closed","template":"","meta":{"footnotes":""},"class_list":["post-147","page","type-page","status-publish","hentry","latest_post"],"yoast_head":"<!-- This site is optimized with the Yoast SEO plugin v27.4 - https:\/\/yoast.com\/product\/yoast-seo-wordpress\/ -->\n<title>Akupunktur - AKUPUNKTUR \u00d6REBRO<\/title>\n<meta name=\"robots\" content=\"index, follow, max-snippet:-1, max-image-preview:large, max-video-preview:-1\" \/>\n<link rel=\"canonical\" href=\"https:\/\/akupunkturorebro.se\/index.php\/akupunktur-2\/\" \/>\n<meta property=\"og:locale\" content=\"sv_SE\" \/>\n<meta property=\"og:type\" content=\"article\" \/>\n<meta property=\"og:title\" content=\"Akupunktur - AKUPUNKTUR \u00d6REBRO\" \/>\n<meta property=\"og:description\" content=\"Klassisk akupunktur Akupunktur\u00a0\u00e4r en del av Klassisk Kinesisk Medicin (Classical Chinese Medicine) vilket grundar sig \u00f6ver 2500 \u00e5r tillbaka i den \u00f6sterl\u00e4ndska kulturen. Klassisk Kinesisk &hellip;\" \/>\n<meta property=\"og:url\" content=\"https:\/\/akupunkturorebro.se\/index.php\/akupunktur-2\/\" \/>\n<meta property=\"og:site_name\" content=\"AKUPUNKTUR \u00d6REBRO\" \/>\n<meta property=\"article:modified_time\" content=\"2026-03-15T13:17:07+00:00\" \/>\n<meta property=\"og:image\" content=\"https:\/\/akupunkturorebro.se\/wp-content\/uploads\/2024\/10\/shutterstock_772072018-scaled-e1675789235155-1024x1020-1.jpg\" \/>\n\t<meta property=\"og:image:width\" content=\"1024\" \/>\n\t<meta property=\"og:image:height\" content=\"1020\" \/>\n\t<meta property=\"og:image:type\" content=\"image\/jpeg\" \/>\n<meta name=\"twitter:card\" content=\"summary_large_image\" \/>\n<meta name=\"twitter:label1\" content=\"Ber\u00e4knad l\u00e4stid\" \/>\n\t<meta name=\"twitter:data1\" content=\"3 minuter\" \/>\n<script type=\"application\/ld+json\" class=\"yoast-schema-graph\">{\"@context\":\"https:\\\/\\\/schema.org\",\"@graph\":[{\"@type\":\"WebPage\",\"@id\":\"https:\\\/\\\/akupunkturorebro.se\\\/index.php\\\/akupunktur-2\\\/\",\"url\":\"https:\\\/\\\/akupunkturorebro.se\\\/index.php\\\/akupunktur-2\\\/\",\"name\":\"Akupunktur - AKUPUNKTUR \u00d6REBRO\",\"isPartOf\":{\"@id\":\"https:\\\/\\\/akupunkturorebro.se\\\/#website\"},\"primaryImageOfPage\":{\"@id\":\"https:\\\/\\\/akupunkturorebro.se\\\/index.php\\\/akupunktur-2\\\/#primaryimage\"},\"image\":{\"@id\":\"https:\\\/\\\/akupunkturorebro.se\\\/index.php\\\/akupunktur-2\\\/#primaryimage\"},\"thumbnailUrl\":\"http:\\\/\\\/akupunkturorebro.se\\\/wp-content\\\/uploads\\\/2024\\\/10\\\/shutterstock_772072018-scaled-e1675789235155-1024x1020-1.jpg\",\"datePublished\":\"2024-10-08T22:10:45+00:00\",\"dateModified\":\"2026-03-15T13:17:07+00:00\",\"breadcrumb\":{\"@id\":\"https:\\\/\\\/akupunkturorebro.se\\\/index.php\\\/akupunktur-2\\\/#breadcrumb\"},\"inLanguage\":\"sv-SE\",\"potentialAction\":[{\"@type\":\"ReadAction\",\"target\":[\"https:\\\/\\\/akupunkturorebro.se\\\/index.php\\\/akupunktur-2\\\/\"]}]},{\"@type\":\"ImageObject\",\"inLanguage\":\"sv-SE\",\"@id\":\"https:\\\/\\\/akupunkturorebro.se\\\/index.php\\\/akupunktur-2\\\/#primaryimage\",\"url\":\"https:\\\/\\\/akupunkturorebro.se\\\/wp-content\\\/uploads\\\/2024\\\/10\\\/shutterstock_772072018-scaled-e1675789235155-1024x1020-1.jpg\",\"contentUrl\":\"https:\\\/\\\/akupunkturorebro.se\\\/wp-content\\\/uploads\\\/2024\\\/10\\\/shutterstock_772072018-scaled-e1675789235155-1024x1020-1.jpg\",\"width\":1024,\"height\":1020},{\"@type\":\"BreadcrumbList\",\"@id\":\"https:\\\/\\\/akupunkturorebro.se\\\/index.php\\\/akupunktur-2\\\/#breadcrumb\",\"itemListElement\":[{\"@type\":\"ListItem\",\"position\":1,\"name\":\"Hem\",\"item\":\"https:\\\/\\\/akupunkturorebro.se\\\/\"},{\"@type\":\"ListItem\",\"position\":2,\"name\":\"Akupunktur\"}]},{\"@type\":\"WebSite\",\"@id\":\"https:\\\/\\\/akupunkturorebro.se\\\/#website\",\"url\":\"https:\\\/\\\/akupunkturorebro.se\\\/\",\"name\":\"Akupunktur \u00d6rebro\",\"description\":\"\",\"publisher\":{\"@id\":\"https:\\\/\\\/akupunkturorebro.se\\\/#\\\/schema\\\/person\\\/936f7a5c8e7e1c0f9a2cee76117118f9\"},\"potentialAction\":[{\"@type\":\"SearchAction\",\"target\":{\"@type\":\"EntryPoint\",\"urlTemplate\":\"https:\\\/\\\/akupunkturorebro.se\\\/?s={search_term_string}\"},\"query-input\":{\"@type\":\"PropertyValueSpecification\",\"valueRequired\":true,\"valueName\":\"search_term_string\"}}],\"inLanguage\":\"sv-SE\"},{\"@type\":[\"Person\",\"Organization\"],\"@id\":\"https:\\\/\\\/akupunkturorebro.se\\\/#\\\/schema\\\/person\\\/936f7a5c8e7e1c0f9a2cee76117118f9\",\"name\":\"Sandrahellner\",\"image\":{\"@type\":\"ImageObject\",\"inLanguage\":\"sv-SE\",\"@id\":\"https:\\\/\\\/akupunkturorebro.se\\\/wp-content\\\/uploads\\\/2024\\\/10\\\/20231006_135521-1-1-768x768-1.jpg\",\"url\":\"https:\\\/\\\/akupunkturorebro.se\\\/wp-content\\\/uploads\\\/2024\\\/10\\\/20231006_135521-1-1-768x768-1.jpg\",\"contentUrl\":\"https:\\\/\\\/akupunkturorebro.se\\\/wp-content\\\/uploads\\\/2024\\\/10\\\/20231006_135521-1-1-768x768-1.jpg\",\"width\":768,\"height\":768,\"caption\":\"Sandrahellner\"},\"logo\":{\"@id\":\"https:\\\/\\\/akupunkturorebro.se\\\/wp-content\\\/uploads\\\/2024\\\/10\\\/20231006_135521-1-1-768x768-1.jpg\"},\"sameAs\":[\"http:\\\/\\\/akupunkturorebro.se\"]}]}<\/script>\n<!-- \/ Yoast SEO plugin. -->","yoast_head_json":{"title":"Akupunktur - AKUPUNKTUR \u00d6REBRO","robots":{"index":"index","follow":"follow","max-snippet":"max-snippet:-1","max-image-preview":"max-image-preview:large","max-video-preview":"max-video-preview:-1"},"canonical":"https:\/\/akupunkturorebro.se\/index.php\/akupunktur-2\/","og_locale":"sv_SE","og_type":"article","og_title":"Akupunktur - AKUPUNKTUR \u00d6REBRO","og_description":"Klassisk akupunktur Akupunktur\u00a0\u00e4r en del av Klassisk Kinesisk Medicin (Classical Chinese Medicine) vilket grundar sig \u00f6ver 2500 \u00e5r tillbaka i den \u00f6sterl\u00e4ndska kulturen. Klassisk Kinesisk &hellip;","og_url":"https:\/\/akupunkturorebro.se\/index.php\/akupunktur-2\/","og_site_name":"AKUPUNKTUR \u00d6REBRO","article_modified_time":"2026-03-15T13:17:07+00:00","og_image":[{"width":1024,"height":1020,"url":"https:\/\/akupunkturorebro.se\/wp-content\/uploads\/2024\/10\/shutterstock_772072018-scaled-e1675789235155-1024x1020-1.jpg","type":"image\/jpeg"}],"twitter_card":"summary_large_image","twitter_misc":{"Ber\u00e4knad l\u00e4stid":"3 minuter"},"schema":{"@context":"https:\/\/schema.org","@graph":[{"@type":"WebPage","@id":"https:\/\/akupunkturorebro.se\/index.php\/akupunktur-2\/","url":"https:\/\/akupunkturorebro.se\/index.php\/akupunktur-2\/","name":"Akupunktur - AKUPUNKTUR \u00d6REBRO","isPartOf":{"@id":"https:\/\/akupunkturorebro.se\/#website"},"primaryImageOfPage":{"@id":"https:\/\/akupunkturorebro.se\/index.php\/akupunktur-2\/#primaryimage"},"image":{"@id":"https:\/\/akupunkturorebro.se\/index.php\/akupunktur-2\/#primaryimage"},"thumbnailUrl":"http:\/\/akupunkturorebro.se\/wp-content\/uploads\/2024\/10\/shutterstock_772072018-scaled-e1675789235155-1024x1020-1.jpg","datePublished":"2024-10-08T22:10:45+00:00","dateModified":"2026-03-15T13:17:07+00:00","breadcrumb":{"@id":"https:\/\/akupunkturorebro.se\/index.php\/akupunktur-2\/#breadcrumb"},"inLanguage":"sv-SE","potentialAction":[{"@type":"ReadAction","target":["https:\/\/akupunkturorebro.se\/index.php\/akupunktur-2\/"]}]},{"@type":"ImageObject","inLanguage":"sv-SE","@id":"https:\/\/akupunkturorebro.se\/index.php\/akupunktur-2\/#primaryimage","url":"https:\/\/akupunkturorebro.se\/wp-content\/uploads\/2024\/10\/shutterstock_772072018-scaled-e1675789235155-1024x1020-1.jpg","contentUrl":"https:\/\/akupunkturorebro.se\/wp-content\/uploads\/2024\/10\/shutterstock_772072018-scaled-e1675789235155-1024x1020-1.jpg","width":1024,"height":1020},{"@type":"BreadcrumbList","@id":"https:\/\/akupunkturorebro.se\/index.php\/akupunktur-2\/#breadcrumb","itemListElement":[{"@type":"ListItem","position":1,"name":"Hem","item":"https:\/\/akupunkturorebro.se\/"},{"@type":"ListItem","position":2,"name":"Akupunktur"}]},{"@type":"WebSite","@id":"https:\/\/akupunkturorebro.se\/#website","url":"https:\/\/akupunkturorebro.se\/","name":"Akupunktur \u00d6rebro","description":"","publisher":{"@id":"https:\/\/akupunkturorebro.se\/#\/schema\/person\/936f7a5c8e7e1c0f9a2cee76117118f9"},"potentialAction":[{"@type":"SearchAction","target":{"@type":"EntryPoint","urlTemplate":"https:\/\/akupunkturorebro.se\/?s={search_term_string}"},"query-input":{"@type":"PropertyValueSpecification","valueRequired":true,"valueName":"search_term_string"}}],"inLanguage":"sv-SE"},{"@type":["Person","Organization"],"@id":"https:\/\/akupunkturorebro.se\/#\/schema\/person\/936f7a5c8e7e1c0f9a2cee76117118f9","name":"Sandrahellner","image":{"@type":"ImageObject","inLanguage":"sv-SE","@id":"https:\/\/akupunkturorebro.se\/wp-content\/uploads\/2024\/10\/20231006_135521-1-1-768x768-1.jpg","url":"https:\/\/akupunkturorebro.se\/wp-content\/uploads\/2024\/10\/20231006_135521-1-1-768x768-1.jpg","contentUrl":"https:\/\/akupunkturorebro.se\/wp-content\/uploads\/2024\/10\/20231006_135521-1-1-768x768-1.jpg","width":768,"height":768,"caption":"Sandrahellner"},"logo":{"@id":"https:\/\/akupunkturorebro.se\/wp-content\/uploads\/2024\/10\/20231006_135521-1-1-768x768-1.jpg"},"sameAs":["http:\/\/akupunkturorebro.se"]}]}},"jetpack_sharing_enabled":true,"_links":{"self":[{"href":"https:\/\/akupunkturorebro.se\/index.php\/wp-json\/wp\/v2\/pages\/147","targetHints":{"allow":["GET"]}}],"collection":[{"href":"https:\/\/akupunkturorebro.se\/index.php\/wp-json\/wp\/v2\/pages"}],"about":[{"href":"https:\/\/akupunkturorebro.se\/index.php\/wp-json\/wp\/v2\/types\/page"}],"author":[{"embeddable":true,"href":"https:\/\/akupunkturorebro.se\/index.php\/wp-json\/wp\/v2\/users\/1"}],"replies":[{"embeddable":true,"href":"https:\/\/akupunkturorebro.se\/index.php\/wp-json\/wp\/v2\/comments?post=147"}],"version-history":[{"count":9,"href":"https:\/\/akupunkturorebro.se\/index.php\/wp-json\/wp\/v2\/pages\/147\/revisions"}],"predecessor-version":[{"id":383,"href":"https:\/\/akupunkturorebro.se\/index.php\/wp-json\/wp\/v2\/pages\/147\/revisions\/383"}],"wp:attachment":[{"href":"https:\/\/akupunkturorebro.se\/index.php\/wp-json\/wp\/v2\/media?parent=147"}],"curies":[{"name":"wp","href":"https:\/\/api.w.org\/{rel}","templated":true}]}}